{"id":1262,"date":"2016-05-11T02:21:06","date_gmt":"2016-05-11T02:21:06","guid":{"rendered":"http:\/\/tzij.coerll.utexas.edu\/?page_id=1262"},"modified":"2024-11-22T20:07:14","modified_gmt":"2024-11-22T20:07:14","slug":"fondos","status":"publish","type":"page","link":"https:\/\/quechuatinkuy.coerll.utexas.edu\/es\/fondos\/","title":{"rendered":"Fondos"},"content":{"rendered":"\n<p>El contenido de esta p\u00e1gina web se dise\u00f1o con fondos de la concesi\u00f3n (grant) #P229A140005 del Departamento de Educaci\u00f3n de los Estados Unidos. Sin embargo, el contenido no representa necesariamente la pol\u00edtica del departamento de Educaci\u00f3n de Estados Unidos.<\/p>\n","protected":false},"excerpt":{"rendered":"<p>El contenido de esta p\u00e1gina web se dise\u00f1o con fondos de la concesi\u00f3n (grant) #P229A140005 del Departamento de Educaci\u00f3n de los Estados Unidos. Sin embargo, el contenido no representa necesariamente la pol\u00edtica del departamento de Educaci\u00f3n de Estados Unidos.<\/p>\n","protected":false},"author":16,"featured_media":0,"parent":0,"menu_order":0,"comment_status":"closed","ping_status":"closed","template":"","meta":{"_acf_changed":false,"footnotes":""},"class_list":["post-1262","page","type-page","status-publish","hentry"],"acf":[],"_links":{"self":[{"href":"https:\/\/quechuatinkuy.coerll.utexas.edu\/es\/wp-json\/wp\/v2\/pages\/1262","targetHints":{"allow":["GET"]}}],"collection":[{"href":"https:\/\/quechuatinkuy.coerll.utexas.edu\/es\/wp-json\/wp\/v2\/pages"}],"about":[{"href":"https:\/\/quechuatinkuy.coerll.utexas.edu\/es\/wp-json\/wp\/v2\/types\/page"}],"author":[{"embeddable":true,"href":"https:\/\/quechuatinkuy.coerll.utexas.edu\/es\/wp-json\/wp\/v2\/users\/16"}],"replies":[{"embeddable":true,"href":"https:\/\/quechuatinkuy.coerll.utexas.edu\/es\/wp-json\/wp\/v2\/comments?post=1262"}],"version-history":[{"count":4,"href":"https:\/\/quechuatinkuy.coerll.utexas.edu\/es\/wp-json\/wp\/v2\/pages\/1262\/revisions"}],"predecessor-version":[{"id":8157,"href":"https:\/\/quechuatinkuy.coerll.utexas.edu\/es\/wp-json\/wp\/v2\/pages\/1262\/revisions\/8157"}],"wp:attachment":[{"href":"https:\/\/quechuatinkuy.coerll.utexas.edu\/es\/wp-json\/wp\/v2\/media?parent=1262"}],"curies":[{"name":"wp","href":"https:\/\/api.w.org\/{rel}","templated":true}]}}