{"id":1353,"date":"2016-05-11T15:00:33","date_gmt":"2016-05-11T15:00:33","guid":{"rendered":"http:\/\/tzij.coerll.utexas.edu\/?page_id=1353"},"modified":"2025-02-20T21:15:59","modified_gmt":"2025-02-20T21:15:59","slug":"introduccion","status":"publish","type":"page","link":"https:\/\/quechuatinkuy.coerll.utexas.edu\/es\/introduccion\/","title":{"rendered":"Introducci\u00f3n"},"content":{"rendered":"\n<h2 class=\"wp-block-heading has-text-align-center\"><strong><strong>\u00a1Bienvenido (a) al curso de Quechua!<\/strong><\/strong><\/h2>\n\n\n\n<figure class=\"wp-block-image has-custom-border\"><img decoding=\"async\" src=\"https:\/\/quechuatinkuy.coerll.utexas.edu\/wp-content\/uploads\/Foto-Qquehuar-1024x768.jpg\" alt=\"This image has an empty alt attribute; its file name is Foto-Qquehuar-1024x768.jpg\" style=\"border-radius:0px\"\/><figcaption class=\"wp-element-caption\">Vista panor\u00e1mica de la comunidad de Qquehuar ubicada en la regi\u00f3n de Cusco. Cr\u00e9ditos: Javier Checya-Alata.<\/figcaption><\/figure>\n\n\n\n<p>Este sitio web proporciona una serie de materiales del nivel b\u00e1sico a intermedio para el aprendizaje de la lengua Quechua, la lengua ind\u00edgena m\u00e1s hablada en Per\u00fa y Am\u00e9rica en general. Te invitamos a emprender este viaje y conocer m\u00e1s sobre de la variante Cusco &#8211; Collao. El equipo est\u00e1 conformado por profesores y estudiantes graduados de la Universidad de Texas en Austin, as\u00ed como pobladores de las comunidades de Puca Puca y Qquehuar quienes est\u00e1n trabajando juntos para desarrollar materiales relevantes para el curso.<\/p>\n\n\n\n<p>Este es el primer curso en l\u00ednea de la Universidad de Texas en Austin que ofrece una gama de unidades en Quechua que proponen un proceso de aprendizaje din\u00e1mico a trav\u00e9s de herramientas multimedia en audio, video y piezas gr\u00e1ficas. Nuestro prop\u00f3sito es desarrollar la fluidez oral del estudiante, adem\u00e1s de la comprensi\u00f3n de la gram\u00e1tica y las habilidades de la lectura. Nos basamos en la variante del Quechua hablada en Puca Puca (una comunidad ubicada en la regi\u00f3n de Apur\u00edmac colindante con la regi\u00f3n del Cusco) y de la comunidad de Qquehuar (ubicada en la regi\u00f3n del Cusco).<\/p>\n\n\n\n<p>Este recurso pedag\u00f3gico est\u00e1 dirigido a estudiantes interesados en desarrollar sus habilidades ling\u00fc\u00edsticas, as\u00ed como profesores nativo hablantes de escuelas biling\u00fces del sur del Per\u00fa y pa\u00edses como Bolivia, Ecuador, Colombia y Argentina.<\/p>\n\n\n\n<h2 class=\"wp-block-heading\">Los materiales<\/h2>\n\n\n\n<p>Los materiales de este curso han sido dise\u00f1ados tanto para ser usados en el aula como para estudiantes independientes. Incluso si no tienes un maestro de Quechua, puedes aprovechar el material que el curso ofrece. Cada unidad cuenta con las siguientes secciones:<\/p>\n\n\n\n<div class=\"wp-block-group is-nowrap is-layout-flex wp-container-core-group-is-layout-f1189ed3 wp-block-group-is-layout-flex\">\n<figure class=\"wp-block-image size-full\"><img loading=\"lazy\" decoding=\"async\" width=\"46\" height=\"46\" src=\"https:\/\/quechuatinkuy.coerll.utexas.edu\/wp-content\/uploads\/accordion_introduction.png\" alt=\"\" class=\"wp-image-7347\" srcset=\"https:\/\/quechuatinkuy.coerll.utexas.edu\/wp-content\/uploads\/accordion_introduction.png 46w, https:\/\/quechuatinkuy.coerll.utexas.edu\/wp-content\/uploads\/accordion_introduction-12x12.png 12w\" sizes=\"auto, (max-width: 46px) 100vw, 46px\" \/><\/figure>\n\n\n\n<h3 class=\"wp-block-heading\">Qallarinapaq | Introducci\u00f3n<\/h3>\n\n\n\n<p><\/p>\n<\/div>\n\n\n\n<div class=\"wp-block-group is-nowrap is-layout-flex wp-container-core-group-is-layout-f1189ed3 wp-block-group-is-layout-flex\">\n<figure class=\"wp-block-image size-full\"><img loading=\"lazy\" decoding=\"async\" width=\"46\" height=\"46\" src=\"https:\/\/quechuatinkuy.coerll.utexas.edu\/wp-content\/uploads\/accordion_grammar.png\" alt=\"\" class=\"wp-image-7346\" srcset=\"https:\/\/quechuatinkuy.coerll.utexas.edu\/wp-content\/uploads\/accordion_grammar.png 46w, https:\/\/quechuatinkuy.coerll.utexas.edu\/wp-content\/uploads\/accordion_grammar-12x12.png 12w\" sizes=\"auto, (max-width: 46px) 100vw, 46px\" \/><\/figure>\n\n\n\n<h3 class=\"wp-block-heading\">Qillqa | Gram\u00e1tica<\/h3>\n\n\n\n<p><\/p>\n<\/div>\n\n\n\n<div class=\"wp-block-group is-nowrap is-layout-flex wp-container-core-group-is-layout-f1189ed3 wp-block-group-is-layout-flex\">\n<figure class=\"wp-block-image size-full\"><img loading=\"lazy\" decoding=\"async\" width=\"46\" height=\"46\" src=\"https:\/\/quechuatinkuy.coerll.utexas.edu\/wp-content\/uploads\/accordion_vocabulary.png\" alt=\"\" class=\"wp-image-7349\" srcset=\"https:\/\/quechuatinkuy.coerll.utexas.edu\/wp-content\/uploads\/accordion_vocabulary.png 46w, https:\/\/quechuatinkuy.coerll.utexas.edu\/wp-content\/uploads\/accordion_vocabulary-12x12.png 12w\" sizes=\"auto, (max-width: 46px) 100vw, 46px\" \/><\/figure>\n\n\n\n<h3 class=\"wp-block-heading\">Rimanakuna | Vocabulario<\/h3>\n\n\n\n<p><\/p>\n<\/div>\n\n\n\n<div class=\"wp-block-group is-nowrap is-layout-flex wp-container-core-group-is-layout-f1189ed3 wp-block-group-is-layout-flex\">\n<figure class=\"wp-block-image size-full\"><img loading=\"lazy\" decoding=\"async\" width=\"46\" height=\"46\" src=\"https:\/\/quechuatinkuy.coerll.utexas.edu\/wp-content\/uploads\/accordion_exercises.png\" alt=\"\" class=\"wp-image-7345\" srcset=\"https:\/\/quechuatinkuy.coerll.utexas.edu\/wp-content\/uploads\/accordion_exercises.png 46w, https:\/\/quechuatinkuy.coerll.utexas.edu\/wp-content\/uploads\/accordion_exercises-12x12.png 12w\" sizes=\"auto, (max-width: 46px) 100vw, 46px\" \/><\/figure>\n\n\n\n<h3 class=\"wp-block-heading\"> Ruwapakuy | Ejercicios<\/h3>\n\n\n\n<p><\/p>\n<\/div>\n","protected":false},"excerpt":{"rendered":"<p>\u00a1Bienvenido (a) al curso de Quechua! Este sitio web proporciona una serie de materiales del nivel b\u00e1sico a intermedio para el aprendizaje de la lengua Quechua, la lengua ind\u00edgena m\u00e1s hablada en Per\u00fa y Am\u00e9rica en general. Te invitamos a emprender este viaje y conocer m\u00e1s sobre de la variante Cusco &#8211; Collao. El equipo [&hellip;]<\/p>\n","protected":false},"author":16,"featured_media":0,"parent":0,"menu_order":0,"comment_status":"closed","ping_status":"closed","template":"","meta":{"_acf_changed":false,"footnotes":""},"class_list":["post-1353","page","type-page","status-publish","hentry"],"acf":[],"_links":{"self":[{"href":"https:\/\/quechuatinkuy.coerll.utexas.edu\/es\/wp-json\/wp\/v2\/pages\/1353","targetHints":{"allow":["GET"]}}],"collection":[{"href":"https:\/\/quechuatinkuy.coerll.utexas.edu\/es\/wp-json\/wp\/v2\/pages"}],"about":[{"href":"https:\/\/quechuatinkuy.coerll.utexas.edu\/es\/wp-json\/wp\/v2\/types\/page"}],"author":[{"embeddable":true,"href":"https:\/\/quechuatinkuy.coerll.utexas.edu\/es\/wp-json\/wp\/v2\/users\/16"}],"replies":[{"embeddable":true,"href":"https:\/\/quechuatinkuy.coerll.utexas.edu\/es\/wp-json\/wp\/v2\/comments?post=1353"}],"version-history":[{"count":18,"href":"https:\/\/quechuatinkuy.coerll.utexas.edu\/es\/wp-json\/wp\/v2\/pages\/1353\/revisions"}],"predecessor-version":[{"id":7947,"href":"https:\/\/quechuatinkuy.coerll.utexas.edu\/es\/wp-json\/wp\/v2\/pages\/1353\/revisions\/7947"}],"wp:attachment":[{"href":"https:\/\/quechuatinkuy.coerll.utexas.edu\/es\/wp-json\/wp\/v2\/media?parent=1353"}],"curies":[{"name":"wp","href":"https:\/\/api.w.org\/{rel}","templated":true}]}}